{"id":1830,"date":"2025-10-08T15:13:37","date_gmt":"2025-10-08T13:13:37","guid":{"rendered":"https:\/\/smartscan3d.com\/?page_id=1830"},"modified":"2025-10-27T11:54:14","modified_gmt":"2025-10-27T10:54:14","slug":"masthead","status":"publish","type":"page","link":"https:\/\/smartscan3d.com\/en\/impresszum\/","title":{"rendered":"Impressum"},"content":{"rendered":"<div data-elementor-type=\"wp-page\" data-elementor-id=\"1830\" class=\"elementor elementor-1830\" data-elementor-post-type=\"page\">\n\t\t\t\t<div class=\"elementor-element elementor-element-f1e9549 e-flex e-con-boxed e-con e-parent\" data-id=\"f1e9549\" data-element_type=\"container\" data-e-type=\"container\" data-settings=\"{&quot;background_background&quot;:&quot;classic&quot;,&quot;shape_divider_bottom&quot;:&quot;tilt&quot;}\">\n\t\t\t\t\t<div class=\"e-con-inner\">\n\t\t\t\t<div class=\"elementor-shape elementor-shape-bottom\" aria-hidden=\"true\" data-negative=\"false\">\n\t\t\t<svg xmlns=\"http:\/\/www.w3.org\/2000\/svg\" viewbox=\"0 0 1000 100\" preserveaspectratio=\"none\">\n\t<path class=\"elementor-shape-fill\" d=\"M0,6V0h1000v100L0,6z\"\/>\n<\/svg>\t\t<\/div>\n\t\t\t\t<div class=\"elementor-element elementor-element-970a332 elementor-widget elementor-widget-heading\" data-id=\"970a332\" data-element_type=\"widget\" data-e-type=\"widget\" data-widget_type=\"heading.default\">\n\t\t\t\t\t<h1 class=\"elementor-heading-title elementor-size-default\">Impressum<\/h1>\t\t\t\t<\/div>\n\t\t\t\t\t<\/div>\n\t\t\t\t<\/div>\n\t\t<div class=\"elementor-element elementor-element-05f025b e-flex e-con-boxed e-con e-parent\" data-id=\"05f025b\" data-element_type=\"container\" data-e-type=\"container\">\n\t\t\t\t\t<div class=\"e-con-inner\">\n\t\t\t\t<div class=\"elementor-element elementor-element-83aae59 elementor-widget elementor-widget-text-editor\" data-id=\"83aae59\" data-element_type=\"widget\" data-e-type=\"widget\" data-widget_type=\"text-editor.default\">\n\t\t\t\t\t\t\t\t\t<p style=\"text-align: center;\"><strong>SHOPPING<\/strong><\/p><p style=\"text-align: center;\">Name: Bal\u00e1zs Ocsk\u00f3 e.v.<br \/>Address: 6795 Bord\u00e1ny Erkel u. 17<br \/>Tel: +36 70 607 8618<br \/>E-mail: felmeres@smartscan3d.com<br \/>Tax number: 57543048 -1-26<br \/>Registration number: 60 31 65 38<br \/>Web address: <a href=\"https:\/\/smartscan3d.com\/en\/\" target=\"_blank\" rel=\"noopener\">https:\/\/smartscan3d.com\/<\/a><\/p><p>\u00a0<\/p><p style=\"text-align: center;\"><strong>THE COURT REGISTERING THE COMPANY:<br \/><\/strong>Baranya County Court of Registration<\/p><p style=\"text-align: center;\"><strong>CHAMBER MEMBERSHIP:<\/strong><strong> <br \/><\/strong>Baranya County Chamber of Commerce and Industry<br \/>Baranya County Chamber of Construction<\/p><p>\u00a0<\/p><p style=\"text-align: center;\"><strong>HOSTING PROVIDER<\/strong><\/p><p style=\"text-align: center;\">Name: NetMasters Ltd.<br \/>Address: 1105 Budapest, Cserkesz u. 32.<br \/>Tel: +36 30 923 4646<br \/>Website: https:\/\/netmasters.hu\/<\/p>\t\t\t\t\t\t\t\t<\/div>\n\t\t\t\t<div class=\"elementor-element elementor-element-3f83897 elementor-widget elementor-widget-text-editor\" data-id=\"3f83897\" data-element_type=\"widget\" data-e-type=\"widget\" data-widget_type=\"text-editor.default\">\n\t\t\t\t\t\t\t\t\t<p>P\u00e9cs, 2025.10.08.<\/p>\t\t\t\t\t\t\t\t<\/div>\n\t\t\t\t\t<\/div>\n\t\t\t\t<\/div>\n\t\t\t\t<\/div>","protected":false},"excerpt":{"rendered":"<p>Impresszum V\u00c1LLALKOZ\u00c1S N\u00e9v: Ocsk\u00f3 Bal\u00e1zs e.v.C\u00edm: 6795 Bord\u00e1ny Erkel u. 17Tel.: +36 70 607 8618E-mail: felmeres@smartscan3d.comAd\u00f3sz\u00e1m: 57543048 -1-26Nyilv\u00e1ntart\u00e1si sz\u00e1m: 60 31 65 38Webc\u00edm: https:\/\/smartscan3d.com\/ \u00a0 A C\u00c9GET BEJEGYZ\u0150 B\u00cdR\u00d3S\u00c1G:Baranya Megyei C\u00e9gb\u00edr\u00f3s\u00e1g KAMARAI TAGS\u00c1G: Baranya Megyei Kereskedelmi \u00e9s IparkamaraBaranya Megyei \u00c9p\u00edt\u0151ipari Kamara \u00a0 T\u00c1RHELYSZOLG\u00c1LTAT\u00d3 N\u00e9v: NetMasters Kft.C\u00edm: 1105 Budapest, Cserkesz u. 32.Tel.: +36 30 923 4646Weboldal: [&hellip;]<\/p>\n","protected":false},"author":1,"featured_media":0,"parent":0,"menu_order":0,"comment_status":"closed","ping_status":"closed","template":"","meta":{"_seopress_robots_primary_cat":"","_seopress_titles_title":"","_seopress_titles_desc":"","_seopress_robots_index":"","footnotes":""},"class_list":["post-1830","page","type-page","status-publish","hentry"],"_links":{"self":[{"href":"https:\/\/smartscan3d.com\/en\/wp-json\/wp\/v2\/pages\/1830","targetHints":{"allow":["GET"]}}],"collection":[{"href":"https:\/\/smartscan3d.com\/en\/wp-json\/wp\/v2\/pages"}],"about":[{"href":"https:\/\/smartscan3d.com\/en\/wp-json\/wp\/v2\/types\/page"}],"author":[{"embeddable":true,"href":"https:\/\/smartscan3d.com\/en\/wp-json\/wp\/v2\/users\/1"}],"replies":[{"embeddable":true,"href":"https:\/\/smartscan3d.com\/en\/wp-json\/wp\/v2\/comments?post=1830"}],"version-history":[{"count":0,"href":"https:\/\/smartscan3d.com\/en\/wp-json\/wp\/v2\/pages\/1830\/revisions"}],"wp:attachment":[{"href":"https:\/\/smartscan3d.com\/en\/wp-json\/wp\/v2\/media?parent=1830"}],"curies":[{"name":"wp","href":"https:\/\/api.w.org\/{rel}","templated":true}]}}